{"id":89,"date":"2024-07-31T19:54:50","date_gmt":"2024-07-31T19:54:50","guid":{"rendered":"https:\/\/informaticaporto.com.br\/f5distribuidora\/request-quote\/"},"modified":"2024-07-31T19:54:50","modified_gmt":"2024-07-31T19:54:50","slug":"request-quote","status":"publish","type":"page","link":"https:\/\/informaticaporto.com.br\/f5distribuidora\/request-quote\/","title":{"rendered":"Request a Quote"},"content":{"rendered":"\n<div class=\"woocommerce ywraq-wrapper ywraq-empty\">\n\t\t\t<div id=\"yith-ywraq-message\"><div class=\"ywraq-question-message\">\n\t<\/div>\n<\/div>\n\t\t\n\t\t\t\t<div class=\"ywraq-form-table-wrapper wide\">\n\t\t\t<div class=\"ywraq-before-form\">\n\t<p class=\"ywraq_list_empty_message\">Sua lista est\u00e1 vazia, adicione produtos \u00e0 lista para enviar uma solicita\u00e7\u00e3o<p><p class=\"return-to-shop\"><a class=\"button wc-backward\" href=\"https:\/\/informaticaporto.com.br\/f5distribuidora\/loja\/\">Retornar para a Loja<\/a><\/p><\/div>\n\t\t\t\t\t<\/div>\n\t<\/div>\n\n","protected":false},"excerpt":{"rendered":"","protected":false},"author":1,"featured_media":0,"parent":0,"menu_order":0,"comment_status":"closed","ping_status":"closed","template":"","meta":{"footnotes":""},"class_list":["post-89","page","type-page","status-publish","hentry"],"_links":{"self":[{"href":"https:\/\/informaticaporto.com.br\/f5distribuidora\/wp-json\/wp\/v2\/pages\/89","targetHints":{"allow":["GET"]}}],"collection":[{"href":"https:\/\/informaticaporto.com.br\/f5distribuidora\/wp-json\/wp\/v2\/pages"}],"about":[{"href":"https:\/\/informaticaporto.com.br\/f5distribuidora\/wp-json\/wp\/v2\/types\/page"}],"author":[{"embeddable":true,"href":"https:\/\/informaticaporto.com.br\/f5distribuidora\/wp-json\/wp\/v2\/users\/1"}],"replies":[{"embeddable":true,"href":"https:\/\/informaticaporto.com.br\/f5distribuidora\/wp-json\/wp\/v2\/comments?post=89"}],"version-history":[{"count":0,"href":"https:\/\/informaticaporto.com.br\/f5distribuidora\/wp-json\/wp\/v2\/pages\/89\/revisions"}],"wp:attachment":[{"href":"https:\/\/informaticaporto.com.br\/f5distribuidora\/wp-json\/wp\/v2\/media?parent=89"}],"curies":[{"name":"wp","href":"https:\/\/api.w.org\/{rel}","templated":true}]}}