{"id":4167,"date":"2022-09-08T04:09:36","date_gmt":"2022-09-08T04:09:36","guid":{"rendered":"https:\/\/demo.oceanthemes.site\/sandbox\/?page_id=4167"},"modified":"2024-08-16T22:57:05","modified_gmt":"2024-08-16T22:57:05","slug":"about","status":"publish","type":"page","link":"https:\/\/informaticaporto.com.br\/f5distribuidora\/about\/","title":{"rendered":"About"},"content":{"rendered":"\t\t<div data-elementor-type=\"wp-page\" data-elementor-id=\"4167\" class=\"elementor elementor-4167\" data-elementor-post-type=\"page\">\n\t\t\t\t\t\t<section class=\"elementor-section elementor-top-section elementor-element elementor-element-cb2db3f elementor-section-full_width elementor-section-height-default elementor-section-height-default\" data-id=\"cb2db3f\" data-element_type=\"section\" data-e-type=\"section\" data-settings=\"{&quot;shape_divider_bottom&quot;:&quot;tilt&quot;,&quot;background_background&quot;:&quot;classic&quot;}\">\n\t\t\t\t\t<div class=\"elementor-shape elementor-shape-bottom\" aria-hidden=\"true\" data-negative=\"false\">\n\t\t\t<svg xmlns=\"http:\/\/www.w3.org\/2000\/svg\" viewBox=\"0 0 1000 100\" preserveAspectRatio=\"none\">\n\t<path class=\"elementor-shape-fill\" d=\"M0,6V0h1000v100L0,6z\"\/>\n<\/svg>\t\t<\/div>\n\t\t\t\t\t<div class=\"elementor-container elementor-column-gap-default\">\n\t\t\t\t\t<div class=\"elementor-column elementor-col-100 elementor-top-column elementor-element elementor-element-9d908c6\" data-id=\"9d908c6\" data-element_type=\"column\" data-e-type=\"column\">\n\t\t\t<div class=\"elementor-widget-wrap elementor-element-populated\">\n\t\t\t\t\t\t<section class=\"elementor-section elementor-inner-section elementor-element elementor-element-d80b026 elementor-section-boxed elementor-section-height-default elementor-section-height-default\" data-id=\"d80b026\" data-element_type=\"section\" data-e-type=\"section\" data-settings=\"{&quot;background_background&quot;:&quot;classic&quot;}\">\n\t\t\t\t\t\t<div class=\"elementor-container elementor-column-gap-default\">\n\t\t\t\t\t<div class=\"elementor-column elementor-col-100 elementor-inner-column elementor-element elementor-element-e056c19\" data-id=\"e056c19\" data-element_type=\"column\" data-e-type=\"column\">\n\t\t\t<div class=\"elementor-widget-wrap elementor-element-populated\">\n\t\t\t\t\t\t<div class=\"elementor-element elementor-element-72bb1ba display-1 elementor-widget elementor-widget-heading\" data-id=\"72bb1ba\" data-element_type=\"widget\" data-e-type=\"widget\" data-widget_type=\"heading.default\">\n\t\t\t\t<div class=\"elementor-widget-container\">\n\t\t\t\t\t<h1 class=\"elementor-heading-title elementor-size-default\">Somos a F5 Distribuidora!<\/h1>\t\t\t\t<\/div>\n\t\t\t\t<\/div>\n\t\t\t\t<div class=\"elementor-element elementor-element-e401a44 elementor-widget elementor-widget-text-editor\" data-id=\"e401a44\" data-element_type=\"widget\" data-e-type=\"widget\" data-widget_type=\"text-editor.default\">\n\t\t\t\t<div class=\"elementor-widget-container\">\n\t\t\t\t\t\t\t\t\t<p>Seja bem vindo para conhecer um pouco mais da nossa fam\u00edlia!<\/p>\t\t\t\t\t\t\t\t<\/div>\n\t\t\t\t<\/div>\n\t\t\t\t\t<\/div>\n\t\t<\/div>\n\t\t\t\t\t<\/div>\n\t\t<\/section>\n\t\t\t\t\t<\/div>\n\t\t<\/div>\n\t\t\t\t\t<\/div>\n\t\t<\/section>\n\t\t\t\t<section class=\"elementor-section elementor-top-section elementor-element elementor-element-3e856d4 elementor-section-content-middle elementor-reverse-tablet elementor-reverse-mobile elementor-section-boxed elementor-section-height-default elementor-section-height-default\" data-id=\"3e856d4\" data-element_type=\"section\" data-e-type=\"section\" data-settings=\"{&quot;background_background&quot;:&quot;classic&quot;}\">\n\t\t\t\t\t\t<div class=\"elementor-container elementor-column-gap-default\">\n\t\t\t\t\t<div class=\"elementor-column elementor-col-50 elementor-top-column elementor-element elementor-element-2dd72c7\" data-id=\"2dd72c7\" data-element_type=\"column\" data-e-type=\"column\">\n\t\t\t<div class=\"elementor-widget-wrap elementor-element-populated\">\n\t\t\t\t\t\t<div class=\"elementor-element elementor-element-415efcc ot-view-default elementor-widget elementor-widget-ot-iconbox\" data-id=\"415efcc\" data-element_type=\"widget\" data-e-type=\"widget\" data-widget_type=\"ot-iconbox.default\">\n\t\t\t\t<div class=\"elementor-widget-container\">\n\t\t\t\t\t\t\t<div class=\"ot-icon-box box-content\">\r\n\t\t\t\t        <div class=\"ot-icon-box__content\">\r\n\t        \t<h4 class=\"icon-box-title\">Quem somos?<\/h4>\t\t\t\t\t\t\t\t\t\t\t<\/div>\t\r\n\t    <\/div>\r\n\t    \t\t\t\t<\/div>\n\t\t\t\t<\/div>\n\t\t\t\t<div class=\"elementor-element elementor-element-b5f1f77 elementor-widget elementor-widget-text-editor\" data-id=\"b5f1f77\" data-element_type=\"widget\" data-e-type=\"widget\" data-widget_type=\"text-editor.default\">\n\t\t\t\t<div class=\"elementor-widget-container\">\n\t\t\t\t\t\t\t\t\tSomos o maior distribuidor de produtos telecom com estoque a pronta entrega. Chama agora mesmo!\n<br>\n\n<style>         .whatsapp-link {             display: flex;             align-items: center;             text-decoration: none;             font-size: 18px;             font-weight: bold;             color: inherit; \/* Usa a cor padr\u00e3o do site *\/         }          .whatsapp-link img {             width: 50px;             height: 50px;             margin-right: 8px;         }          .whatsapp-link:hover {             color: inherit; \/* Mant\u00e9m a cor padr\u00e3o ao passar o mouse *\/         }     <\/style>\n\n<a class=\"whatsapp-link\" href=\"https:\/\/wa.me\/5533988509895\" target=\"_blank\" rel=\"noopener\"> <img decoding=\"async\" src=\"https:\/\/upload.wikimedia.org\/wikipedia\/commons\/6\/6b\/WhatsApp.svg\" alt=\"WhatsApp\" \/> 55 (33) 9.8850-9895 <\/a>\t\t\t\t\t\t\t\t<\/div>\n\t\t\t\t<\/div>\n\t\t\t\t<div class=\"elementor-element elementor-element-7daa5e0 elementor-widget elementor-widget-text-editor\" data-id=\"7daa5e0\" data-element_type=\"widget\" data-e-type=\"widget\" data-widget_type=\"text-editor.default\">\n\t\t\t\t<div class=\"elementor-widget-container\">\n\t\t\t\t\t\t\t\t\t<p>&#8220;A F5 Distribuidora \u00e9 uma refer\u00eancia no mercado de seguran\u00e7a eletr\u00f4nica, inform\u00e1tica e telecomunica\u00e7\u00f5es, fundada por profissionais com mais de 20 anos de experi\u00eancia no setor. Localizada no cora\u00e7\u00e3o do leste de Minas Gerais, nossa empresa se destaca por oferecer o maior estoque da regi\u00e3o, garantindo produtos de alta qualidade e pronta entrega. Comprometidos com a inova\u00e7\u00e3o e a excel\u00eancia, nossa miss\u00e3o \u00e9 proporcionar solu\u00e7\u00f5es tecnol\u00f3gicas que protejam e conectem nossos clientes ao futuro.&#8221;<\/p><p>\u00a0<\/p>\t\t\t\t\t\t\t\t<\/div>\n\t\t\t\t<\/div>\n\t\t\t\t<section class=\"elementor-section elementor-inner-section elementor-element elementor-element-ab89172 elementor-section-boxed elementor-section-height-default elementor-section-height-default\" data-id=\"ab89172\" data-element_type=\"section\" data-e-type=\"section\">\n\t\t\t\t\t\t<div class=\"elementor-container elementor-column-gap-default\">\n\t\t\t\t\t<div class=\"elementor-column elementor-col-50 elementor-inner-column elementor-element elementor-element-4322f42\" data-id=\"4322f42\" data-element_type=\"column\" data-e-type=\"column\">\n\t\t\t<div class=\"elementor-widget-wrap elementor-element-populated\">\n\t\t\t\t\t\t<div class=\"elementor-element elementor-element-6354b69 ot-view-stacked ot-position-left ot-vertical-align-top elementor-widget elementor-widget-ot-iconbox\" data-id=\"6354b69\" data-element_type=\"widget\" data-e-type=\"widget\" data-widget_type=\"ot-iconbox.default\">\n\t\t\t\t<div class=\"elementor-widget-container\">\n\t\t\t\t\t\t\t<div class=\"ot-icon-box box-content\">\r\n\t\t\t\t\t\t<div class=\"ot-icon-box__icon flex-gap\">\r\n\t\t\t\t<i aria-hidden=\"true\" class=\" uil-check\"><\/i>\t        <\/div>\r\n\t        \t        <div class=\"ot-icon-box__content\">\r\n\t        \t<span class=\"icon-box-title\">1. Maior Estoque da Regi\u00e3o:<\/span>\t\t\t\t<div class=\"icon-box-des\">Com o maior estoque do leste de Minas Gerais, garantimos pronta entrega de equipamentos para fibra \u00f3tica, telecomunica\u00e7\u00f5es, inform\u00e1tica e seguran\u00e7a.<\/div>\t\t\t\t\t\t\t<\/div>\t\r\n\t    <\/div>\r\n\t    \t\t\t\t<\/div>\n\t\t\t\t<\/div>\n\t\t\t\t<div class=\"elementor-element elementor-element-ae823c9 ot-view-stacked ot-position-left ot-vertical-align-top elementor-widget elementor-widget-ot-iconbox\" data-id=\"ae823c9\" data-element_type=\"widget\" data-e-type=\"widget\" data-widget_type=\"ot-iconbox.default\">\n\t\t\t\t<div class=\"elementor-widget-container\">\n\t\t\t\t\t\t\t<div class=\"ot-icon-box box-content\">\r\n\t\t\t\t\t\t<div class=\"ot-icon-box__icon flex-gap\">\r\n\t\t\t\t<i aria-hidden=\"true\" class=\" uil-check\"><\/i>\t        <\/div>\r\n\t        \t        <div class=\"ot-icon-box__content\">\r\n\t        \t<span class=\"icon-box-title\">2. Mais de 20 Anos de Experi\u00eancia:<\/span>\t\t\t\t<div class=\"icon-box-des\">Nossa equipe possui mais de duas d\u00e9cadas de expertise, oferecendo as melhores solu\u00e7\u00f5es em tecnologia e atendimento personalizado.<\/div>\t\t\t\t\t\t\t<\/div>\t\r\n\t    <\/div>\r\n\t    \t\t\t\t<\/div>\n\t\t\t\t<\/div>\n\t\t\t\t\t<\/div>\n\t\t<\/div>\n\t\t\t\t<div class=\"elementor-column elementor-col-50 elementor-inner-column elementor-element elementor-element-117b267\" data-id=\"117b267\" data-element_type=\"column\" data-e-type=\"column\">\n\t\t\t<div class=\"elementor-widget-wrap elementor-element-populated\">\n\t\t\t\t\t\t<div class=\"elementor-element elementor-element-64443dc ot-view-stacked ot-position-left ot-vertical-align-top elementor-widget elementor-widget-ot-iconbox\" data-id=\"64443dc\" data-element_type=\"widget\" data-e-type=\"widget\" data-widget_type=\"ot-iconbox.default\">\n\t\t\t\t<div class=\"elementor-widget-container\">\n\t\t\t\t\t\t\t<div class=\"ot-icon-box box-content\">\r\n\t\t\t\t\t\t<div class=\"ot-icon-box__icon flex-gap\">\r\n\t\t\t\t<i aria-hidden=\"true\" class=\" uil-check\"><\/i>\t        <\/div>\r\n\t        \t        <div class=\"ot-icon-box__content\">\r\n\t        \t<span class=\"icon-box-title\">3. Atendimento Especializado:<\/span>\t\t\t\t<div class=\"icon-box-des\">Conte com suporte t\u00e9cnico de alto n\u00edvel e atendimento personalizado para encontrar as solu\u00e7\u00f5es ideais para o seu neg\u00f3cio.<\/div>\t\t\t\t\t\t\t<\/div>\t\r\n\t    <\/div>\r\n\t    \t\t\t\t<\/div>\n\t\t\t\t<\/div>\n\t\t\t\t<div class=\"elementor-element elementor-element-93ae3ee ot-view-stacked ot-position-left ot-vertical-align-top elementor-widget elementor-widget-ot-iconbox\" data-id=\"93ae3ee\" data-element_type=\"widget\" data-e-type=\"widget\" data-widget_type=\"ot-iconbox.default\">\n\t\t\t\t<div class=\"elementor-widget-container\">\n\t\t\t\t\t\t\t<div class=\"ot-icon-box box-content\">\r\n\t\t\t\t\t\t<div class=\"ot-icon-box__icon flex-gap\">\r\n\t\t\t\t<i aria-hidden=\"true\" class=\" uil-check\"><\/i>\t        <\/div>\r\n\t        \t        <div class=\"ot-icon-box__content\">\r\n\t        \t<span class=\"icon-box-title\">4. Parceria com Marcas Renomadas:<\/span>\t\t\t\t<div class=\"icon-box-des\">Trabalhamos com os principais fabricantes do mercado, garantindo produtos de qualidade e confiabilidade para o seu projeto.<\/div>\t\t\t\t\t\t\t<\/div>\t\r\n\t    <\/div>\r\n\t    \t\t\t\t<\/div>\n\t\t\t\t<\/div>\n\t\t\t\t\t<\/div>\n\t\t<\/div>\n\t\t\t\t\t<\/div>\n\t\t<\/section>\n\t\t\t\t\t<\/div>\n\t\t<\/div>\n\t\t\t\t<div class=\"elementor-column elementor-col-50 elementor-top-column elementor-element elementor-element-f9e610a\" data-id=\"f9e610a\" data-element_type=\"column\" data-e-type=\"column\">\n\t\t\t<div class=\"elementor-widget-wrap elementor-element-populated\">\n\t\t\t\t\t\t<section class=\"elementor-section elementor-inner-section elementor-element elementor-element-c793829 elementor-section-boxed elementor-section-height-default elementor-section-height-default\" data-id=\"c793829\" data-element_type=\"section\" data-e-type=\"section\">\n\t\t\t\t\t\t<div class=\"elementor-container elementor-column-gap-default\">\n\t\t\t\t\t<div class=\"elementor-column elementor-col-100 elementor-inner-column elementor-element elementor-element-cc493c9\" data-id=\"cc493c9\" data-element_type=\"column\" data-e-type=\"column\">\n\t\t\t<div class=\"elementor-widget-wrap elementor-element-populated\">\n\t\t\t\t\t\t<div class=\"elementor-element elementor-element-0f7696b elementor-widget elementor-widget-image\" data-id=\"0f7696b\" data-element_type=\"widget\" data-e-type=\"widget\" data-widget_type=\"image.default\">\n\t\t\t\t<div class=\"elementor-widget-container\">\n\t\t\t\t\t\t\t\t\t\t\t\t\t\t\t<img fetchpriority=\"high\" decoding=\"async\" width=\"576\" height=\"1024\" src=\"https:\/\/informaticaporto.com.br\/f5distribuidora\/wp-content\/uploads\/2024\/08\/Imagem-do-WhatsApp-de-2024-08-12-as-10.21.31_75e66aba-576x1024.jpg\" class=\"attachment-large size-large wp-image-15407\" alt=\"\" srcset=\"https:\/\/informaticaporto.com.br\/f5distribuidora\/wp-content\/uploads\/2024\/08\/Imagem-do-WhatsApp-de-2024-08-12-as-10.21.31_75e66aba-576x1024.jpg 576w, https:\/\/informaticaporto.com.br\/f5distribuidora\/wp-content\/uploads\/2024\/08\/Imagem-do-WhatsApp-de-2024-08-12-as-10.21.31_75e66aba-300x533.jpg 300w, https:\/\/informaticaporto.com.br\/f5distribuidora\/wp-content\/uploads\/2024\/08\/Imagem-do-WhatsApp-de-2024-08-12-as-10.21.31_75e66aba-169x300.jpg 169w, https:\/\/informaticaporto.com.br\/f5distribuidora\/wp-content\/uploads\/2024\/08\/Imagem-do-WhatsApp-de-2024-08-12-as-10.21.31_75e66aba.jpg 720w\" sizes=\"(max-width: 576px) 100vw, 576px\" \/>\t\t\t\t\t\t\t\t\t\t\t\t\t\t\t<\/div>\n\t\t\t\t<\/div>\n\t\t\t\t\t<\/div>\n\t\t<\/div>\n\t\t\t\t\t<\/div>\n\t\t<\/section>\n\t\t\t\t\t<\/div>\n\t\t<\/div>\n\t\t\t\t\t<\/div>\n\t\t<\/section>\n\t\t\t\t<section class=\"elementor-section elementor-top-section elementor-element elementor-element-a584b8d elementor-section-boxed elementor-section-height-default elementor-section-height-default\" data-id=\"a584b8d\" data-element_type=\"section\" data-e-type=\"section\" data-settings=\"{&quot;background_background&quot;:&quot;classic&quot;}\">\n\t\t\t\t\t\t<div class=\"elementor-container elementor-column-gap-default\">\n\t\t\t\t\t<div class=\"elementor-column elementor-col-100 elementor-top-column elementor-element elementor-element-af17ff2\" data-id=\"af17ff2\" data-element_type=\"column\" data-e-type=\"column\">\n\t\t\t<div class=\"elementor-widget-wrap elementor-element-populated\">\n\t\t\t\t\t\t<section class=\"elementor-section elementor-inner-section elementor-element elementor-element-c64b175 elementor-section-boxed elementor-section-height-default elementor-section-height-default\" data-id=\"c64b175\" data-element_type=\"section\" data-e-type=\"section\">\n\t\t\t\t\t\t<div class=\"elementor-container elementor-column-gap-default\">\n\t\t\t\t\t<div class=\"elementor-column elementor-col-100 elementor-inner-column elementor-element elementor-element-67d03cc\" data-id=\"67d03cc\" data-element_type=\"column\" data-e-type=\"column\">\n\t\t\t<div class=\"elementor-widget-wrap elementor-element-populated\">\n\t\t\t\t\t\t<div class=\"elementor-element elementor-element-e298613 ot-view-default elementor-widget elementor-widget-ot-iconbox\" data-id=\"e298613\" data-element_type=\"widget\" data-e-type=\"widget\" data-widget_type=\"ot-iconbox.default\">\n\t\t\t\t<div class=\"elementor-widget-container\">\n\t\t\t\t\t\t\t<div class=\"ot-icon-box box-content\">\r\n\t\t\t\t        <div class=\"ot-icon-box__content\">\r\n\t        \t<h4 class=\"icon-box-title\">Aqui voc\u00ea conhecer\u00e1 um pouco mais da nossa empresa<\/h4>\t\t\t\t\t\t\t\t\t\t\t<\/div>\t\r\n\t    <\/div>\r\n\t    \t\t\t\t<\/div>\n\t\t\t\t<\/div>\n\t\t\t\t\t<\/div>\n\t\t<\/div>\n\t\t\t\t\t<\/div>\n\t\t<\/section>\n\t\t\t\t<section class=\"elementor-section elementor-inner-section elementor-element elementor-element-0ce7a57 elementor-reverse-tablet elementor-reverse-mobile elementor-section-boxed elementor-section-height-default elementor-section-height-default\" data-id=\"0ce7a57\" data-element_type=\"section\" data-e-type=\"section\">\n\t\t\t\t\t\t<div class=\"elementor-container elementor-column-gap-default\">\n\t\t\t\t\t<div class=\"elementor-column elementor-col-50 elementor-inner-column elementor-element elementor-element-6b35dc3\" data-id=\"6b35dc3\" data-element_type=\"column\" data-e-type=\"column\">\n\t\t\t<div class=\"elementor-widget-wrap elementor-element-populated\">\n\t\t\t\t\t\t<div class=\"elementor-element elementor-element-07352ed elementor-widget elementor-widget-heading\" data-id=\"07352ed\" data-element_type=\"widget\" data-e-type=\"widget\" data-widget_type=\"heading.default\">\n\t\t\t\t<div class=\"elementor-widget-container\">\n\t\t\t\t\t<h2 class=\"elementor-heading-title elementor-size-default\">Como n\u00f3s trabalhamos?<\/h2>\t\t\t\t<\/div>\n\t\t\t\t<\/div>\n\t\t\t\t<div class=\"elementor-element elementor-element-2c1cd02 elementor-widget elementor-widget-text-editor\" data-id=\"2c1cd02\" data-element_type=\"widget\" data-e-type=\"widget\" data-widget_type=\"text-editor.default\">\n\t\t\t\t<div class=\"elementor-widget-container\">\n\t\t\t\t\t\t\t\t\t<p>Buscamos a todo instante crescer e melhorar para melhor atender nossos clientes e mercado.<\/p>\t\t\t\t\t\t\t\t<\/div>\n\t\t\t\t<\/div>\n\t\t\t\t<div class=\"elementor-element elementor-element-06a4bd2 elementor-widget elementor-widget-text-editor\" data-id=\"06a4bd2\" data-element_type=\"widget\" data-e-type=\"widget\" data-widget_type=\"text-editor.default\">\n\t\t\t\t<div class=\"elementor-widget-container\">\n\t\t\t\t\t\t\t\t\t<p>A F5 Distribuidora \u00e9 uma empresa comprometida em fornecer produtos de alta qualidade e solu\u00e7\u00f5es inovadoras nas \u00e1reas de fibra \u00f3tica, telecomunica\u00e7\u00f5es, inform\u00e1tica e seguran\u00e7a. Com mais de 20 anos de experi\u00eancia no mercado, nossa miss\u00e3o \u00e9 atender \u00e0s necessidades de nossos clientes com efici\u00eancia, garantindo que cada projeto seja um sucesso.<\/p><p>Nosso trabalho come\u00e7a com a sele\u00e7\u00e3o criteriosa de produtos de fabricantes renomados, que s\u00e3o escolhidos por sua confiabilidade e desempenho superior. Mantemos o maior estoque do leste de Minas Gerais, o que nos permite oferecer pronta entrega e atender rapidamente \u00e0s demandas dos nossos clientes, independentemente do tamanho ou complexidade do pedido.<\/p><p>Entendemos que cada cliente \u00e9 \u00fanico, e por isso, nos dedicamos a oferecer um atendimento personalizado. Nossa equipe de especialistas est\u00e1 sempre dispon\u00edvel para orientar e ajudar a escolher as melhores solu\u00e7\u00f5es, seja na escolha de produtos espec\u00edficos ou no suporte t\u00e9cnico p\u00f3s-venda. Acreditamos que a chave para o sucesso de nossos clientes est\u00e1 em uma parceria baseada na confian\u00e7a e na comunica\u00e7\u00e3o aberta.<\/p><p>Al\u00e9m de oferecer produtos de alta qualidade, a F5 Distribuidora tem uma preocupa\u00e7\u00e3o constante com a satisfa\u00e7\u00e3o de nossos clientes. Para n\u00f3s, a venda n\u00e3o termina com a entrega do produto. Estamos sempre dispon\u00edveis para oferecer suporte t\u00e9cnico, resolver problemas e garantir que os produtos adquiridos atendam ou superem as expectativas. Nosso compromisso com a satisfa\u00e7\u00e3o do cliente \u00e9 o que nos diferencia no mercado e o que nos motiva a melhorar continuamente nossos servi\u00e7os.<\/p><p>A F5 Distribuidora entende que a confian\u00e7a \u00e9 constru\u00edda atrav\u00e9s de um servi\u00e7o excepcional e de um relacionamento duradouro. Por isso, cada intera\u00e7\u00e3o, desde o primeiro contato at\u00e9 o suporte p\u00f3s-venda, \u00e9 tratada com seriedade e dedica\u00e7\u00e3o. Trabalhamos diariamente para garantir que nossos clientes estejam plenamente satisfeitos, pois sabemos que seu sucesso \u00e9 tamb\u00e9m o nosso.<\/p><p>Seja voc\u00ea uma pequena empresa ou um grande projeto, estamos aqui para oferecer solu\u00e7\u00f5es confi\u00e1veis, atendimento especializado e um compromisso inabal\u00e1vel com a sua satisfa\u00e7\u00e3o. Na F5 Distribuidora, a satisfa\u00e7\u00e3o do cliente n\u00e3o \u00e9 apenas uma meta, mas uma prioridade que guia todas as nossas a\u00e7\u00f5es.<\/p>\t\t\t\t\t\t\t\t<\/div>\n\t\t\t\t<\/div>\n\t\t\t\t\t<\/div>\n\t\t<\/div>\n\t\t\t\t<div class=\"elementor-column elementor-col-50 elementor-inner-column elementor-element elementor-element-7f59281\" data-id=\"7f59281\" data-element_type=\"column\" data-e-type=\"column\">\n\t\t\t<div class=\"elementor-widget-wrap elementor-element-populated\">\n\t\t\t\t\t\t<div class=\"elementor-element elementor-element-64d38c6 ot-vertical-align-top elementor-widget elementor-widget-ot-process-box\" data-id=\"64d38c6\" data-element_type=\"widget\" data-e-type=\"widget\" data-widget_type=\"ot-process-box.default\">\n\t\t\t\t<div class=\"elementor-widget-container\">\n\t\t\t\t\t\t\t<div class=\"ot-process-box box-content\">\r\n\t\t\t\t        <div class=\"ot-process-box__content\">\r\n\t        \t<h4 class=\"process-title\">Miss\u00e3o:<\/h4>\t\t\t\t<div class=\"process-des\">Ser a distribuidora l\u00edder em tecnologia e seguran\u00e7a no leste de Minas Gerais, reconhecida pela inova\u00e7\u00e3o, qualidade dos produtos e excel\u00eancia no atendimento.<\/div>\t\t\t<\/div>\t\r\n\t    <\/div>\r\n\t    \t\t\t\t<\/div>\n\t\t\t\t<\/div>\n\t\t\t\t<div class=\"elementor-element elementor-element-448985c ot-vertical-align-top elementor-widget elementor-widget-ot-process-box\" data-id=\"448985c\" data-element_type=\"widget\" data-e-type=\"widget\" data-widget_type=\"ot-process-box.default\">\n\t\t\t\t<div class=\"elementor-widget-container\">\n\t\t\t\t\t\t\t<div class=\"ot-process-box box-content\">\r\n\t\t\t\t        <div class=\"ot-process-box__content\">\r\n\t        \t<h4 class=\"process-title\">Vis\u00e3o:<\/h4>\t\t\t\t<div class=\"process-des\">\"Oferecer solu\u00e7\u00f5es tecnol\u00f3gicas de ponta em seguran\u00e7a eletr\u00f4nica, inform\u00e1tica e telecomunica\u00e7\u00f5es, com foco em disponibilidade imediata e atendimento personalizado, garantindo a satisfa\u00e7\u00e3o e a confian\u00e7a de nossos clientes.\"\n\n<\/div>\t\t\t<\/div>\t\r\n\t    <\/div>\r\n\t    \t\t\t\t<\/div>\n\t\t\t\t<\/div>\n\t\t\t\t<div class=\"elementor-element elementor-element-16ae20b ot-vertical-align-top elementor-widget elementor-widget-ot-process-box\" data-id=\"16ae20b\" data-element_type=\"widget\" data-e-type=\"widget\" data-widget_type=\"ot-process-box.default\">\n\t\t\t\t<div class=\"elementor-widget-container\">\n\t\t\t\t\t\t\t<div class=\"ot-process-box box-content\">\r\n\t\t\t\t        <div class=\"ot-process-box__content\">\r\n\t        \t<h4 class=\"process-title\">Valores:<\/h4>\t\t\t\t<div class=\"process-des\">Inova\u00e7\u00e3o: Estamos constantemente buscando novas tecnologias para manter nossos clientes atualizados e preparados para o futuro.\nQualidade: Garantimos produtos e servi\u00e7os que atendem aos mais altos padr\u00f5es de excel\u00eancia.\nCompromisso: A prontid\u00e3o e a confiabilidade s\u00e3o fundamentais para nossa opera\u00e7\u00e3o, garantindo sempre produtos \u00e0 pronta entrega.\n\u00c9tica: Atuamos com transpar\u00eancia e integridade em todas as nossas rela\u00e7\u00f5es comerciais.\nCliente em Primeiro Lugar: A satisfa\u00e7\u00e3o dos nossos clientes \u00e9 o nosso maior objetivo, proporcionando solu\u00e7\u00f5es personalizadas e atendimento de alta qualidade.<\/div>\t\t\t<\/div>\t\r\n\t    <\/div>\r\n\t    \t\t\t\t<\/div>\n\t\t\t\t<\/div>\n\t\t\t\t\t<\/div>\n\t\t<\/div>\n\t\t\t\t\t<\/div>\n\t\t<\/section>\n\t\t\t\t\t<\/div>\n\t\t<\/div>\n\t\t\t\t\t<\/div>\n\t\t<\/section>\n\t\t\t\t<\/div>\n\t\t","protected":false},"excerpt":{"rendered":"<p>Somos a F5 Distribuidora! Seja bem vindo para conhecer um pouco mais da nossa fam\u00edlia! Quem somos? Somos o maior distribuidor de produtos telecom com estoque a pronta entrega. Chama agora mesmo! 55 (33) 9.8850-9895 &#8220;A F5 Distribuidora \u00e9 uma refer\u00eancia no mercado de seguran\u00e7a eletr\u00f4nica, inform\u00e1tica e telecomunica\u00e7\u00f5es, fundada por profissionais com mais de [&hellip;]<\/p>\n","protected":false},"author":1,"featured_media":0,"parent":0,"menu_order":0,"comment_status":"closed","ping_status":"closed","template":"","meta":{"footnotes":""},"class_list":["post-4167","page","type-page","status-publish","hentry"],"_links":{"self":[{"href":"https:\/\/informaticaporto.com.br\/f5distribuidora\/wp-json\/wp\/v2\/pages\/4167","targetHints":{"allow":["GET"]}}],"collection":[{"href":"https:\/\/informaticaporto.com.br\/f5distribuidora\/wp-json\/wp\/v2\/pages"}],"about":[{"href":"https:\/\/informaticaporto.com.br\/f5distribuidora\/wp-json\/wp\/v2\/types\/page"}],"author":[{"embeddable":true,"href":"https:\/\/informaticaporto.com.br\/f5distribuidora\/wp-json\/wp\/v2\/users\/1"}],"replies":[{"embeddable":true,"href":"https:\/\/informaticaporto.com.br\/f5distribuidora\/wp-json\/wp\/v2\/comments?post=4167"}],"version-history":[{"count":108,"href":"https:\/\/informaticaporto.com.br\/f5distribuidora\/wp-json\/wp\/v2\/pages\/4167\/revisions"}],"predecessor-version":[{"id":15472,"href":"https:\/\/informaticaporto.com.br\/f5distribuidora\/wp-json\/wp\/v2\/pages\/4167\/revisions\/15472"}],"wp:attachment":[{"href":"https:\/\/informaticaporto.com.br\/f5distribuidora\/wp-json\/wp\/v2\/media?parent=4167"}],"curies":[{"name":"wp","href":"https:\/\/api.w.org\/{rel}","templated":true}]}}