{"id":2963,"date":"2022-09-06T07:18:34","date_gmt":"2022-09-06T07:18:34","guid":{"rendered":"https:\/\/demo.oceanthemes.site\/sandbox\/?page_id=2963"},"modified":"2024-08-16T04:10:50","modified_gmt":"2024-08-16T04:10:50","slug":"contact-3","status":"publish","type":"page","link":"https:\/\/informaticaporto.com.br\/f5distribuidora\/contact-3\/","title":{"rendered":"Contact 3"},"content":{"rendered":"\t\t<div data-elementor-type=\"wp-page\" data-elementor-id=\"2963\" class=\"elementor elementor-2963\" data-elementor-post-type=\"page\">\n\t\t\t\t\t\t<section class=\"elementor-section elementor-top-section elementor-element elementor-element-685000f elementor-section-boxed elementor-section-height-default elementor-section-height-default\" data-id=\"685000f\" data-element_type=\"section\" data-e-type=\"section\" data-settings=\"{&quot;background_background&quot;:&quot;classic&quot;}\">\n\t\t\t\t\t\t<div class=\"elementor-container elementor-column-gap-default\">\n\t\t\t\t\t<div class=\"elementor-column elementor-col-100 elementor-top-column elementor-element elementor-element-5950128\" data-id=\"5950128\" data-element_type=\"column\" data-e-type=\"column\">\n\t\t\t<div class=\"elementor-widget-wrap elementor-element-populated\">\n\t\t\t\t\t\t<div class=\"elementor-element elementor-element-c0442b7 elementor-widget elementor-widget-heading\" data-id=\"c0442b7\" data-element_type=\"widget\" data-e-type=\"widget\" data-widget_type=\"heading.default\">\n\t\t\t\t<div class=\"elementor-widget-container\">\n\t\t\t\t\t<h2 class=\"elementor-heading-title elementor-size-default\">\u00c9 um prazer falar com voc\u00ea!<\/h2>\t\t\t\t<\/div>\n\t\t\t\t<\/div>\n\t\t\t\t<div class=\"elementor-element elementor-element-b3954a3 elementor-widget elementor-widget-text-editor\" data-id=\"b3954a3\" data-element_type=\"widget\" data-e-type=\"widget\" data-widget_type=\"text-editor.default\">\n\t\t\t\t<div class=\"elementor-widget-container\">\n\t\t\t\t\t\t\t\t\t<p>Entre em contato agora mesmo atrav\u00e9s de um de nossos canais de comunica\u00e7\u00e3o, ou fale diretamente pelo nosso Whatasapp: <a href=\"https:\/\/wa.me\/5533988509895\">55 (33) 9.8850-9895<\/a><\/p>\t\t\t\t\t\t\t\t<\/div>\n\t\t\t\t<\/div>\n\t\t\t\t\t<\/div>\n\t\t<\/div>\n\t\t\t\t\t<\/div>\n\t\t<\/section>\n\t\t\t\t<section class=\"elementor-section elementor-top-section elementor-element elementor-element-d03a5f2 elementor-section-boxed elementor-section-height-default elementor-section-height-default\" data-id=\"d03a5f2\" data-element_type=\"section\" data-e-type=\"section\" data-settings=\"{&quot;background_background&quot;:&quot;classic&quot;}\">\n\t\t\t\t\t\t<div class=\"elementor-container elementor-column-gap-default\">\n\t\t\t\t\t<div class=\"elementor-column elementor-col-100 elementor-top-column elementor-element elementor-element-56dc15c\" data-id=\"56dc15c\" data-element_type=\"column\" data-e-type=\"column\">\n\t\t\t<div class=\"elementor-widget-wrap elementor-element-populated\">\n\t\t\t\t\t\t<section class=\"elementor-section elementor-inner-section elementor-element elementor-element-7207508 elementor-section-content-middle elementor-section-boxed elementor-section-height-default elementor-section-height-default\" data-id=\"7207508\" data-element_type=\"section\" data-e-type=\"section\">\n\t\t\t\t\t\t<div class=\"elementor-container elementor-column-gap-no\">\n\t\t\t\t\t<div class=\"elementor-column elementor-col-50 elementor-inner-column elementor-element elementor-element-73ccfca elementor-hidden-mobile\" data-id=\"73ccfca\" data-element_type=\"column\" data-e-type=\"column\" data-settings=\"{&quot;background_background&quot;:&quot;classic&quot;}\">\n\t\t\t<div class=\"elementor-widget-wrap elementor-element-populated\">\n\t\t\t\t\t\t\t<\/div>\n\t\t<\/div>\n\t\t\t\t<div class=\"elementor-column elementor-col-50 elementor-inner-column elementor-element elementor-element-a8d37fe\" data-id=\"a8d37fe\" data-element_type=\"column\" data-e-type=\"column\" data-settings=\"{&quot;background_background&quot;:&quot;classic&quot;}\">\n\t\t\t<div class=\"elementor-widget-wrap elementor-element-populated\">\n\t\t\t\t\t\t<div class=\"elementor-element elementor-element-c14843f elementor-widget elementor-widget-heading\" data-id=\"c14843f\" data-element_type=\"widget\" data-e-type=\"widget\" data-widget_type=\"heading.default\">\n\t\t\t\t<div class=\"elementor-widget-container\">\n\t\t\t\t\t<h2 class=\"elementor-heading-title elementor-size-default\">Queremos te ouvir<\/h2>\t\t\t\t<\/div>\n\t\t\t\t<\/div>\n\t\t\t\t<div class=\"elementor-element elementor-element-330804a elementor-widget elementor-widget-text-editor\" data-id=\"330804a\" data-element_type=\"widget\" data-e-type=\"widget\" data-widget_type=\"text-editor.default\">\n\t\t\t\t<div class=\"elementor-widget-container\">\n\t\t\t\t\t\t\t\t\t<p>\u00c9 um prazer para nossa equipe lhe atender, estamos a disposi\u00e7\u00e3o para lhe auxiliar e atualizar seu empreendimento.<\/p>\t\t\t\t\t\t\t\t<\/div>\n\t\t\t\t<\/div>\n\t\t\t\t<div class=\"elementor-element elementor-element-d23d099 elementor-widget elementor-widget-text-editor\" data-id=\"d23d099\" data-element_type=\"widget\" data-e-type=\"widget\" data-widget_type=\"text-editor.default\">\n\t\t\t\t<div class=\"elementor-widget-container\">\n\t\t\t\t\t\t\t\t\t<p>Este canal \u00e9 destinado a d\u00favidas e sugest\u00f5es. Fique a vontade para entrar em contato atrav\u00e9s do nosso e-mail, whatsapp ou mesmo aproveitar e nos fazer uma visita. Nosso endere\u00e7o est\u00e1 logo abaixo.<\/p>\t\t\t\t\t\t\t\t<\/div>\n\t\t\t\t<\/div>\n\t\t\t\t<div class=\"elementor-element elementor-element-e2e9438 elementor-widget elementor-widget-text-editor\" data-id=\"e2e9438\" data-element_type=\"widget\" data-e-type=\"widget\" data-widget_type=\"text-editor.default\">\n\t\t\t\t<div class=\"elementor-widget-container\">\n\t\t\t\t\t\t\t\t\t<!DOCTYPE html>\n<html lang=\"pt-BR\">\n<head>\n    <meta charset=\"UTF-8\">\n    <meta name=\"viewport\" content=\"width=device-width, initial-scale=1.0\">\n    <style>\n        .whatsapp-link {\n            display: flex;\n            align-items: center;\n            text-decoration: none;\n            font-size: 16px;\n            font-weight: bold;\n            color: inherit; \/* Usa a cor padr\u00e3o do site *\/\n        }\n\n        .whatsapp-link img {\n            width: 50px;\n            height: 50px;\n            margin-right: 8px;\n        }\n\n        .whatsapp-link:hover {\n            color: inherit; \/* Mant\u00e9m a cor padr\u00e3o ao passar o mouse *\/\n        }\n    <\/style>\n<\/head>\n<body>\n\n    <a href=\"https:\/\/wa.me\/5533988509895\" class=\"whatsapp-link\" target=\"_blank\">\n        <img decoding=\"async\" src=\"https:\/\/upload.wikimedia.org\/wikipedia\/commons\/6\/6b\/WhatsApp.svg\" alt=\"WhatsApp\">\n        55 (33) 9.8850-9895\n    <\/a>\n\n<\/body>\n<\/html>\n\t\t\t\t\t\t\t\t<\/div>\n\t\t\t\t<\/div>\n\t\t\t\t\t<\/div>\n\t\t<\/div>\n\t\t\t\t\t<\/div>\n\t\t<\/section>\n\t\t\t\t\t<\/div>\n\t\t<\/div>\n\t\t\t\t\t<\/div>\n\t\t<\/section>\n\t\t\t\t<section class=\"elementor-section elementor-top-section elementor-element elementor-element-61512e4 elementor-section-boxed elementor-section-height-default elementor-section-height-default\" data-id=\"61512e4\" data-element_type=\"section\" data-e-type=\"section\">\n\t\t\t\t\t\t<div class=\"elementor-container elementor-column-gap-no\">\n\t\t\t\t\t<div class=\"elementor-column elementor-col-33 elementor-top-column elementor-element elementor-element-7a37a6f\" data-id=\"7a37a6f\" data-element_type=\"column\" data-e-type=\"column\">\n\t\t\t<div class=\"elementor-widget-wrap\">\n\t\t\t\t\t\t\t<\/div>\n\t\t<\/div>\n\t\t\t\t<div class=\"elementor-column elementor-col-33 elementor-top-column elementor-element elementor-element-781b25f\" data-id=\"781b25f\" data-element_type=\"column\" data-e-type=\"column\">\n\t\t\t<div class=\"elementor-widget-wrap elementor-element-populated\">\n\t\t\t\t\t\t<section class=\"elementor-section elementor-inner-section elementor-element elementor-element-a6d0052 elementor-section-boxed elementor-section-height-default elementor-section-height-default\" data-id=\"a6d0052\" data-element_type=\"section\" data-e-type=\"section\">\n\t\t\t\t\t\t<div class=\"elementor-container elementor-column-gap-default\">\n\t\t\t\t\t<div class=\"elementor-column elementor-col-100 elementor-inner-column elementor-element elementor-element-4e2b805\" data-id=\"4e2b805\" data-element_type=\"column\" data-e-type=\"column\">\n\t\t\t<div class=\"elementor-widget-wrap elementor-element-populated\">\n\t\t\t\t\t\t<div class=\"elementor-element elementor-element-fa2a20a elementor-widget elementor-widget-shortcode\" data-id=\"fa2a20a\" data-element_type=\"widget\" data-e-type=\"widget\" data-widget_type=\"shortcode.default\">\n\t\t\t\t<div class=\"elementor-widget-container\">\n\t\t\t\t\t\t\t<div class=\"elementor-shortcode\">\n<div class=\"wpcf7 no-js\" id=\"wpcf7-f3148-o1\" lang=\"en-US\" dir=\"ltr\" data-wpcf7-id=\"3148\">\n<div class=\"screen-reader-response\"><p role=\"status\" aria-live=\"polite\" aria-atomic=\"true\"><\/p> <ul><\/ul><\/div>\n<form action=\"\/f5distribuidora\/wp-json\/wp\/v2\/pages\/2963#wpcf7-f3148-o1\" method=\"post\" class=\"wpcf7-form init\" aria-label=\"Contact form\" novalidate=\"novalidate\" data-status=\"init\">\n<fieldset class=\"hidden-fields-container\"><input type=\"hidden\" name=\"_wpcf7\" value=\"3148\" \/><input type=\"hidden\" name=\"_wpcf7_version\" value=\"6.1.5\" \/><input type=\"hidden\" name=\"_wpcf7_locale\" value=\"en_US\" \/><input type=\"hidden\" name=\"_wpcf7_unit_tag\" value=\"wpcf7-f3148-o1\" \/><input type=\"hidden\" name=\"_wpcf7_container_post\" value=\"0\" \/><input type=\"hidden\" name=\"_wpcf7_posted_data_hash\" value=\"\" \/>\n<\/fieldset>\n<div class=\"row gap-20\">\n\t<div class=\"col-sm-6 col-md-6\">\n\t\t<div class=\"form-floating\">\n\t\t\t<p><input size=\"40\" maxlength=\"400\" class=\"wpcf7-form-control wpcf7-text wpcf7-validates-as-required form-control\" aria-required=\"true\" aria-invalid=\"false\" placeholder=\"Primeiro Nome *\" value=\"\" type=\"text\" name=\"your-fname\" \/>\n\t\t\t<\/p>\n\t\t<\/div>\n\t<\/div>\n\t<div class=\"col-sm-6 col-md-6\">\n\t\t<div class=\"form-floating\">\n\t\t\t<p><input size=\"40\" maxlength=\"400\" class=\"wpcf7-form-control wpcf7-text wpcf7-validates-as-required form-control\" aria-required=\"true\" aria-invalid=\"false\" placeholder=\"Sobrenome *\" value=\"\" type=\"text\" name=\"your-lname\" \/>\n\t\t\t<\/p>\n\t\t<\/div>\n\t<\/div>\n<\/div>\n<div class=\"row gap-20\">\n\t<div class=\"col-sm-6 col-md-6\">\n\t\t<div class=\"form-floating\">\n\t\t\t<p><input size=\"40\" maxlength=\"400\" class=\"wpcf7-form-control wpcf7-email wpcf7-validates-as-required wpcf7-text wpcf7-validates-as-email form-control\" aria-required=\"true\" aria-invalid=\"false\" placeholder=\"Email *\" value=\"\" type=\"email\" name=\"your-email\" \/>\n\t\t\t<\/p>\n\t\t<\/div>\n\t<\/div>\n\t<div class=\"col-sm-6 col-md-6\">\n\t\t<div class=\"form-floating\">\n\t\t\t<p><select class=\"wpcf7-form-control wpcf7-select form-select\" aria-invalid=\"false\" name=\"department\"><option value=\"\">&#8212;Please choose an option&#8212;<\/option><option value=\"Vendas\">Vendas<\/option><option value=\"Or\u00e7amentos\">Or\u00e7amentos<\/option><option value=\"Pedidos\">Pedidos<\/option><\/select>\n\t\t\t<\/p>\n\t\t<\/div>\n\t<\/div>\n<\/div>\n<div class=\"form-floating h150\">\n\t<p><textarea cols=\"40\" rows=\"10\" maxlength=\"2000\" class=\"wpcf7-form-control wpcf7-textarea form-control\" aria-invalid=\"false\" placeholder=\"Mensagem *\" name=\"your-message\"><\/textarea>\n\t<\/p>\n<\/div>\n<p class=\"text-start\"><span class=\"wpcf7-form-control wpcf7-checkbox wpcf7-validates-as-required form-check-input\"><span class=\"wpcf7-list-item first last\"><label><input type=\"checkbox\" name=\"checkbox-terms[]\" value=\"Eu concordo!\" \/><span class=\"wpcf7-list-item-label\">Eu concordo!<\/span><\/label><\/span><\/span><a href=\"#\" class=\"hover\"> com os termos e pol\u00edtica de privacidade<\/a>.\n<\/p>\n<p class=\"text-start\">\n<input class=\"wpcf7-form-control wpcf7-submit has-spinner octf-btn\" type=\"submit\" value=\"Enviar Mensagem\" \/>\n<\/p>\n<p class=\"text-muted text-start\">* Estes campos s\u00e3o obrigat\u00f3rios.\n<\/p><div class=\"wpcf7-response-output\" aria-hidden=\"true\"><\/div>\n<\/form>\n<\/div>\n<\/div>\n\t\t\t\t\t\t<\/div>\n\t\t\t\t<\/div>\n\t\t\t\t\t<\/div>\n\t\t<\/div>\n\t\t\t\t\t<\/div>\n\t\t<\/section>\n\t\t\t\t\t<\/div>\n\t\t<\/div>\n\t\t\t\t<div class=\"elementor-column elementor-col-33 elementor-top-column elementor-element elementor-element-3024c2d\" data-id=\"3024c2d\" data-element_type=\"column\" data-e-type=\"column\">\n\t\t\t<div class=\"elementor-widget-wrap\">\n\t\t\t\t\t\t\t<\/div>\n\t\t<\/div>\n\t\t\t\t\t<\/div>\n\t\t<\/section>\n\t\t\t\t<section class=\"elementor-section elementor-top-section elementor-element elementor-element-518cff6 elementor-section-full_width elementor-section-height-default elementor-section-height-default\" data-id=\"518cff6\" data-element_type=\"section\" data-e-type=\"section\">\n\t\t\t\t\t\t<div class=\"elementor-container elementor-column-gap-no\">\n\t\t\t\t\t<div class=\"elementor-column elementor-col-100 elementor-top-column elementor-element elementor-element-6845034\" data-id=\"6845034\" data-element_type=\"column\" data-e-type=\"column\">\n\t\t\t<div class=\"elementor-widget-wrap elementor-element-populated\">\n\t\t\t\t\t\t<div class=\"elementor-element elementor-element-4bd928f elementor-widget elementor-widget-google_maps\" data-id=\"4bd928f\" data-element_type=\"widget\" data-e-type=\"widget\" data-widget_type=\"google_maps.default\">\n\t\t\t\t<div class=\"elementor-widget-container\">\n\t\t\t\t\t\t\t<div class=\"elementor-custom-embed\">\n\t\t\t<iframe loading=\"lazy\"\n\t\t\t\t\tsrc=\"https:\/\/maps.google.com\/maps?q=Rua%20Manotel%20Byrro%2C%2016%20Governador%20Valadares%2C%20Brasil%20-%20MG&#038;t=m&#038;z=15&#038;output=embed&#038;iwloc=near\"\n\t\t\t\t\ttitle=\"Rua Manotel Byrro, 16 Governador Valadares, Brasil - MG\"\n\t\t\t\t\taria-label=\"Rua Manotel Byrro, 16 Governador Valadares, Brasil - MG\"\n\t\t\t><\/iframe>\n\t\t<\/div>\n\t\t\t\t\t\t<\/div>\n\t\t\t\t<\/div>\n\t\t\t\t\t<\/div>\n\t\t<\/div>\n\t\t\t\t\t<\/div>\n\t\t<\/section>\n\t\t\t\t<\/div>\n\t\t","protected":false},"excerpt":{"rendered":"<p>\u00c9 um prazer falar com voc\u00ea! Entre em contato agora mesmo atrav\u00e9s de um de nossos canais de comunica\u00e7\u00e3o, ou fale diretamente pelo nosso Whatasapp: 55 (33) 9.8850-9895 Queremos te ouvir \u00c9 um prazer para nossa equipe lhe atender, estamos a disposi\u00e7\u00e3o para lhe auxiliar e atualizar seu empreendimento. Este canal \u00e9 destinado a d\u00favidas [&hellip;]<\/p>\n","protected":false},"author":1,"featured_media":0,"parent":0,"menu_order":0,"comment_status":"closed","ping_status":"closed","template":"","meta":{"footnotes":""},"class_list":["post-2963","page","type-page","status-publish","hentry"],"_links":{"self":[{"href":"https:\/\/informaticaporto.com.br\/f5distribuidora\/wp-json\/wp\/v2\/pages\/2963","targetHints":{"allow":["GET"]}}],"collection":[{"href":"https:\/\/informaticaporto.com.br\/f5distribuidora\/wp-json\/wp\/v2\/pages"}],"about":[{"href":"https:\/\/informaticaporto.com.br\/f5distribuidora\/wp-json\/wp\/v2\/types\/page"}],"author":[{"embeddable":true,"href":"https:\/\/informaticaporto.com.br\/f5distribuidora\/wp-json\/wp\/v2\/users\/1"}],"replies":[{"embeddable":true,"href":"https:\/\/informaticaporto.com.br\/f5distribuidora\/wp-json\/wp\/v2\/comments?post=2963"}],"version-history":[{"count":94,"href":"https:\/\/informaticaporto.com.br\/f5distribuidora\/wp-json\/wp\/v2\/pages\/2963\/revisions"}],"predecessor-version":[{"id":15503,"href":"https:\/\/informaticaporto.com.br\/f5distribuidora\/wp-json\/wp\/v2\/pages\/2963\/revisions\/15503"}],"wp:attachment":[{"href":"https:\/\/informaticaporto.com.br\/f5distribuidora\/wp-json\/wp\/v2\/media?parent=2963"}],"curies":[{"name":"wp","href":"https:\/\/api.w.org\/{rel}","templated":true}]}}